{"id":572,"date":"2025-07-23T22:37:28","date_gmt":"2025-07-23T21:37:28","guid":{"rendered":"https:\/\/www.meeting-ba705-sorigny.fr\/?page_id=572"},"modified":"2025-08-27T14:25:01","modified_gmt":"2025-08-27T13:25:01","slug":"contactez-nous-meeting-aerien","status":"publish","type":"page","link":"https:\/\/www.meeting-ba705-sorigny.fr\/index.php\/contactez-nous-meeting-aerien\/","title":{"rendered":"Contact"},"content":{"rendered":"\t\t<div data-elementor-type=\"wp-page\" data-elementor-id=\"572\" class=\"elementor elementor-572\" data-elementor-post-type=\"page\">\n\t\t\t\t<div class=\"elementor-element elementor-element-ae0fcbc e-flex e-con-boxed e-con e-parent\" data-id=\"ae0fcbc\" data-element_type=\"container\">\n\t\t\t\t\t<div class=\"e-con-inner\">\n\t\t\t\t<div class=\"elementor-element elementor-element-9d05035 elementor-widget elementor-widget-heading\" data-id=\"9d05035\" data-element_type=\"widget\" data-widget_type=\"heading.default\">\n\t\t\t\t\t<h1 class=\"elementor-heading-title elementor-size-default\">Contactez-nous<\/h1>\t\t\t\t<\/div>\n\t\t\t\t\t<\/div>\n\t\t\t\t<\/div>\n\t\t<div class=\"elementor-element elementor-element-6f0098b e-flex e-con-boxed e-con e-parent\" data-id=\"6f0098b\" data-element_type=\"container\">\n\t\t\t\t\t<div class=\"e-con-inner\">\n\t\t<div class=\"elementor-element elementor-element-da4c30d e-con-full e-flex e-con e-child\" data-id=\"da4c30d\" data-element_type=\"container\">\n\t\t\t\t<div class=\"elementor-element elementor-element-ed67ed8 elementor-widget elementor-widget-heading\" data-id=\"ed67ed8\" data-element_type=\"widget\" data-widget_type=\"heading.default\">\n\t\t\t\t\t<h2 class=\"elementor-heading-title elementor-size-default\">Merci de bien vouloir utiliser le formulaire ci-dessous pour nous joindre<\/h2>\t\t\t\t<\/div>\n\t\t\t\t<div class=\"elementor-element elementor-element-9b8555c elementor-button-align-stretch elementor-widget elementor-widget-form\" data-id=\"9b8555c\" data-element_type=\"widget\" data-settings=\"{&quot;step_next_label&quot;:&quot;Suivant&quot;,&quot;step_previous_label&quot;:&quot;Pr\\u00e9c\\u00e9dent&quot;,&quot;button_width&quot;:&quot;100&quot;,&quot;step_type&quot;:&quot;number_text&quot;,&quot;step_icon_shape&quot;:&quot;circle&quot;}\" data-widget_type=\"form.default\">\n\t\t\t\t\t\t\t<form class=\"elementor-form\" method=\"post\" name=\"form-contact\" aria-label=\"form-contact\">\n\t\t\t<input type=\"hidden\" name=\"post_id\" value=\"572\"\/>\n\t\t\t<input type=\"hidden\" name=\"form_id\" value=\"9b8555c\"\/>\n\t\t\t<input type=\"hidden\" name=\"referer_title\" value=\"Contactez-nous \u00e0 propos du meeting a\u00e9rien\" \/>\n\n\t\t\t\t\t\t\t<input type=\"hidden\" name=\"queried_id\" value=\"572\"\/>\n\t\t\t\n\t\t\t<div class=\"elementor-form-fields-wrapper elementor-labels-above\">\n\t\t\t\t\t\t\t\t<div class=\"elementor-field-type-text elementor-field-group elementor-column elementor-field-group-name elementor-col-100\">\n\t\t\t\t\t\t\t\t\t\t\t\t<label for=\"form-field-name\" class=\"elementor-field-label\">\n\t\t\t\t\t\t\t\tNom et Pr\u00e9nom :\t\t\t\t\t\t\t<\/label>\n\t\t\t\t\t\t\t\t\t\t\t\t\t\t<input size=\"1\" type=\"text\" name=\"form_fields[name]\" id=\"form-field-name\" class=\"elementor-field elementor-size-sm  elementor-field-textual\" placeholder=\"(Ex : de Saint-Exup\u00e9ry Antoine)\">\n\t\t\t\t\t\t\t\t\t\t\t<\/div>\n\t\t\t\t\t\t\t\t<div class=\"elementor-field-type-email elementor-field-group elementor-column elementor-field-group-email elementor-col-100 elementor-field-required elementor-mark-required\">\n\t\t\t\t\t\t\t\t\t\t\t\t<label for=\"form-field-email\" class=\"elementor-field-label\">\n\t\t\t\t\t\t\t\tE-mail : \t\t\t\t\t\t\t<\/label>\n\t\t\t\t\t\t\t\t\t\t\t\t\t\t<input size=\"1\" type=\"email\" name=\"form_fields[email]\" id=\"form-field-email\" class=\"elementor-field elementor-size-sm  elementor-field-textual\" placeholder=\"(Ex : antoine-de-saint-exupery@aeropostale.fr)\" required=\"required\">\n\t\t\t\t\t\t\t\t\t\t\t<\/div>\n\t\t\t\t\t\t\t\t<div class=\"elementor-field-type-text elementor-field-group elementor-column elementor-field-group-field_f8d38c9 elementor-col-100\">\n\t\t\t\t\t\t\t\t\t\t\t\t<label for=\"form-field-field_f8d38c9\" class=\"elementor-field-label\">\n\t\t\t\t\t\t\t\tSujet : \t\t\t\t\t\t\t<\/label>\n\t\t\t\t\t\t\t\t\t\t\t\t\t\t<input size=\"1\" type=\"text\" name=\"form_fields[field_f8d38c9]\" id=\"form-field-field_f8d38c9\" class=\"elementor-field elementor-size-sm  elementor-field-textual\">\n\t\t\t\t\t\t\t\t\t\t\t<\/div>\n\t\t\t\t\t\t\t\t<div class=\"elementor-field-type-textarea elementor-field-group elementor-column elementor-field-group-message elementor-col-100\">\n\t\t\t\t\t\t\t\t\t\t\t\t<label for=\"form-field-message\" class=\"elementor-field-label\">\n\t\t\t\t\t\t\t\tMessage : \t\t\t\t\t\t\t<\/label>\n\t\t\t\t\t\t<textarea class=\"elementor-field-textual elementor-field  elementor-size-sm\" name=\"form_fields[message]\" id=\"form-field-message\" rows=\"4\"><\/textarea>\t\t\t\t<\/div>\n\t\t\t\t\t\t\t\t<div class=\"elementor-field-group elementor-column elementor-field-type-submit elementor-col-100 e-form__buttons\">\n\t\t\t\t\t<button class=\"elementor-button elementor-size-sm\" type=\"submit\">\n\t\t\t\t\t\t<span class=\"elementor-button-content-wrapper\">\n\t\t\t\t\t\t\t\t\t\t\t\t\t\t\t\t\t\t\t\t\t\t<span class=\"elementor-button-text\">Envoyer<\/span>\n\t\t\t\t\t\t\t\t\t\t\t\t\t<\/span>\n\t\t\t\t\t<\/button>\n\t\t\t\t<\/div>\n\t\t\t<\/div>\n\t\t<\/form>\n\t\t\t\t\t\t<\/div>\n\t\t\t\t<\/div>\n\t\t<div class=\"elementor-element elementor-element-a2a1d1b e-con-full elementor-hidden-tablet elementor-hidden-mobile e-flex e-con e-child\" data-id=\"a2a1d1b\" data-element_type=\"container\">\n\t\t\t\t<div class=\"elementor-element elementor-element-4e02e99 elementor-position-right elementor-vertical-align-middle elementor-hidden-tablet elementor-hidden-mobile elementor-widget elementor-widget-image-box\" data-id=\"4e02e99\" data-element_type=\"widget\" data-widget_type=\"image-box.default\">\n\t\t\t\t\t<div class=\"elementor-image-box-wrapper\"><figure class=\"elementor-image-box-img\"><img fetchpriority=\"high\" decoding=\"async\" width=\"1920\" height=\"1280\" src=\"https:\/\/www.meeting-ba705-sorigny.fr\/wp-content\/uploads\/2025\/07\/2025_ASAP_057_O_001_037.jpg\" class=\"attachment-full size-full wp-image-1565\" alt=\"Photo d\u00e9corative du formulaire de contact. Un Rafale B de la 4e escadre de chasse, deux Mirage 2000-5F de l&#039;escadron de chasse 1\/2 &quot;Cigognes&quot; et un A330 multi-role tanker transport (MRTT) &quot;Ph\u00e9nix&quot; de la 31e escadre a\u00e9rienne de ravitaillement et de transport strat\u00e9gique (EARTS) volent en formation au-dessus du centre de la France\" srcset=\"https:\/\/www.meeting-ba705-sorigny.fr\/wp-content\/uploads\/2025\/07\/2025_ASAP_057_O_001_037.jpg 1920w, https:\/\/www.meeting-ba705-sorigny.fr\/wp-content\/uploads\/2025\/07\/2025_ASAP_057_O_001_037-300x200.jpg 300w, https:\/\/www.meeting-ba705-sorigny.fr\/wp-content\/uploads\/2025\/07\/2025_ASAP_057_O_001_037-1024x683.jpg 1024w, https:\/\/www.meeting-ba705-sorigny.fr\/wp-content\/uploads\/2025\/07\/2025_ASAP_057_O_001_037-768x512.jpg 768w, https:\/\/www.meeting-ba705-sorigny.fr\/wp-content\/uploads\/2025\/07\/2025_ASAP_057_O_001_037-1536x1024.jpg 1536w\" sizes=\"(max-width: 1920px) 100vw, 1920px\" \/><\/figure><\/div>\t\t\t\t<\/div>\n\t\t\t\t<\/div>\n\t\t\t\t\t<\/div>\n\t\t\t\t<\/div>\n\t\t\t\t<\/div>\n\t\t","protected":false},"excerpt":{"rendered":"<p>Contactez-nous Merci de bien vouloir utiliser le formulaire ci-dessous pour nous joindre<\/p>\n","protected":false},"author":2,"featured_media":0,"parent":0,"menu_order":0,"comment_status":"closed","ping_status":"closed","template":"","meta":{"_kad_post_transparent":"","_kad_post_title":"hide","_kad_post_layout":"fullwidth","_kad_post_sidebar_id":"","_kad_post_content_style":"unboxed","_kad_post_vertical_padding":"hide","_kad_post_feature":"hide","_kad_post_feature_position":"","_kad_post_header":false,"_kad_post_footer":false,"footnotes":""},"class_list":["post-572","page","type-page","status-publish","hentry"],"yoast_head":"<!-- This site is optimized with the Yoast SEO plugin v25.5 - https:\/\/yoast.com\/wordpress\/plugins\/seo\/ -->\n<title>Contactez-nous \u00e0 propos du meeting a\u00e9rien<\/title>\n<meta name=\"description\" content=\"Contactez-nous \u00e0 propos du Meeting a\u00e9rien \u00e0 Sorigny pr\u00e8s de Tours, avec la base a\u00e9rienne 705 de Tours et Cinq-Mars-La-Pile.\" \/>\n<meta name=\"robots\" content=\"index, follow, max-snippet:-1, max-image-preview:large, max-video-preview:-1\" \/>\n<link rel=\"canonical\" href=\"https:\/\/www.meeting-ba705-sorigny.fr\/index.php\/contactez-nous-meeting-aerien\/\" \/>\n<meta property=\"og:locale\" content=\"fr_FR\" \/>\n<meta property=\"og:type\" content=\"article\" \/>\n<meta property=\"og:title\" content=\"Contactez-nous \u00e0 propos du meeting a\u00e9rien\" \/>\n<meta property=\"og:description\" content=\"Contactez-nous \u00e0 propos du Meeting a\u00e9rien \u00e0 Sorigny pr\u00e8s de Tours, avec la base a\u00e9rienne 705 de Tours et Cinq-Mars-La-Pile.\" \/>\n<meta property=\"og:url\" content=\"https:\/\/www.meeting-ba705-sorigny.fr\/index.php\/contactez-nous-meeting-aerien\/\" \/>\n<meta property=\"og:site_name\" content=\"Meeting a\u00e9rien de Sorigny - BA 705\" \/>\n<meta property=\"article:publisher\" content=\"https:\/\/www.facebook.com\/armeedelair\/\" \/>\n<meta property=\"article:modified_time\" content=\"2025-08-27T13:25:01+00:00\" \/>\n<meta property=\"og:image\" content=\"http:\/\/www.meeting-ba705-sorigny.fr\/wp-content\/uploads\/2025\/07\/2025_ASAP_057_O_001_037.jpg\" \/>\n<meta name=\"twitter:card\" content=\"summary_large_image\" \/>\n<meta name=\"twitter:site\" content=\"@Armee_de_lair\" \/>\n<meta name=\"twitter:label1\" content=\"Dur\u00e9e de lecture estim\u00e9e\" \/>\n\t<meta name=\"twitter:data1\" content=\"1 minute\" \/>\n<script type=\"application\/ld+json\" class=\"yoast-schema-graph\">{\"@context\":\"https:\/\/schema.org\",\"@graph\":[{\"@type\":\"WebPage\",\"@id\":\"https:\/\/www.meeting-ba705-sorigny.fr\/index.php\/contactez-nous-meeting-aerien\/\",\"url\":\"https:\/\/www.meeting-ba705-sorigny.fr\/index.php\/contactez-nous-meeting-aerien\/\",\"name\":\"Contactez-nous \u00e0 propos du meeting a\u00e9rien\",\"isPartOf\":{\"@id\":\"https:\/\/www.meeting-ba705-sorigny.fr\/#website\"},\"primaryImageOfPage\":{\"@id\":\"https:\/\/www.meeting-ba705-sorigny.fr\/index.php\/contactez-nous-meeting-aerien\/#primaryimage\"},\"image\":{\"@id\":\"https:\/\/www.meeting-ba705-sorigny.fr\/index.php\/contactez-nous-meeting-aerien\/#primaryimage\"},\"thumbnailUrl\":\"http:\/\/www.meeting-ba705-sorigny.fr\/wp-content\/uploads\/2025\/07\/2025_ASAP_057_O_001_037.jpg\",\"datePublished\":\"2025-07-23T21:37:28+00:00\",\"dateModified\":\"2025-08-27T13:25:01+00:00\",\"description\":\"Contactez-nous \u00e0 propos du Meeting a\u00e9rien \u00e0 Sorigny pr\u00e8s de Tours, avec la base a\u00e9rienne 705 de Tours et Cinq-Mars-La-Pile.\",\"breadcrumb\":{\"@id\":\"https:\/\/www.meeting-ba705-sorigny.fr\/index.php\/contactez-nous-meeting-aerien\/#breadcrumb\"},\"inLanguage\":\"fr-FR\",\"potentialAction\":[{\"@type\":\"ReadAction\",\"target\":[\"https:\/\/www.meeting-ba705-sorigny.fr\/index.php\/contactez-nous-meeting-aerien\/\"]}]},{\"@type\":\"ImageObject\",\"inLanguage\":\"fr-FR\",\"@id\":\"https:\/\/www.meeting-ba705-sorigny.fr\/index.php\/contactez-nous-meeting-aerien\/#primaryimage\",\"url\":\"https:\/\/www.meeting-ba705-sorigny.fr\/wp-content\/uploads\/2025\/07\/2025_ASAP_057_O_001_037.jpg\",\"contentUrl\":\"https:\/\/www.meeting-ba705-sorigny.fr\/wp-content\/uploads\/2025\/07\/2025_ASAP_057_O_001_037.jpg\",\"width\":1920,\"height\":1280,\"caption\":\"Un Rafale B de la 4e escadre de chasse, deux Mirage 2000-5F de l'escadron de chasse 1\/2 \\\"Cigognes\\\" et un A330 multi-role tanker transport (MRTT) \\\"Phenix\\\" de la 31e escadre aerienne de ravitaillement et de transport strategique (EARTS) volent en formation au-dessus du centre de la France, le 23 avril 2025. Le 23 avril 2025, l\u0092escadrllle SPA 167 \u00ab\u00a0Cigogne de Romanet\u00a0\u00bb de l\u0092escadron de chasse (EC) 2\/4 \u00ab\u00a0La Fayette\u00a0\u00bb a organise CIGONEX, un vol d\u0092entrainement au combat aerien regroupant les escadrilles de l\u0092armee de l\u0092air et de l\u0092espace (AAE) qui arborent une cigogne comme embleme. Pour ce vol quatre equipages de Rafale B de la SPA 167 se sont entraines aux cotes de deux pilotes de Mirage 2000-5F de l\u0092EC 1\/2 \u00ab\u00a0Cigognes\u00a0\u00bb qui est compose des escadrilles SPA 3 \u00ab\u00a0Cigognes du Guynemer\u00a0\u00bb, SPA 103 \u00ab\u00a0Cigognes de Fonck\u00a0\u00bb et SPA 73 \u00ab\u00a0Cigognes japonaises\u00a0\u00bb. Enfin un A330 multi-role tanker transport (MRTT) Phenix de la 31e escadre aerienne de ravitaillement et de transport strategique (EARTS) a assure les phases de ravitaillement en vol au profit des six chasseurs.\"},{\"@type\":\"BreadcrumbList\",\"@id\":\"https:\/\/www.meeting-ba705-sorigny.fr\/index.php\/contactez-nous-meeting-aerien\/#breadcrumb\",\"itemListElement\":[{\"@type\":\"ListItem\",\"position\":1,\"name\":\"Accueil\",\"item\":\"https:\/\/www.meeting-ba705-sorigny.fr\/\"},{\"@type\":\"ListItem\",\"position\":2,\"name\":\"Contact\"}]},{\"@type\":\"WebSite\",\"@id\":\"https:\/\/www.meeting-ba705-sorigny.fr\/#website\",\"url\":\"https:\/\/www.meeting-ba705-sorigny.fr\/\",\"name\":\"Meeting a\u00e9rien de Sorigny\",\"description\":\"\",\"publisher\":{\"@id\":\"https:\/\/www.meeting-ba705-sorigny.fr\/#organization\"},\"alternateName\":\"Meeting Tours\",\"potentialAction\":[{\"@type\":\"SearchAction\",\"target\":{\"@type\":\"EntryPoint\",\"urlTemplate\":\"https:\/\/www.meeting-ba705-sorigny.fr\/?s={search_term_string}\"},\"query-input\":{\"@type\":\"PropertyValueSpecification\",\"valueRequired\":true,\"valueName\":\"search_term_string\"}}],\"inLanguage\":\"fr-FR\"},{\"@type\":\"Organization\",\"@id\":\"https:\/\/www.meeting-ba705-sorigny.fr\/#organization\",\"name\":\"Arm\u00e9e de l'Air et de l'Espace\",\"alternateName\":\"AAE\",\"url\":\"https:\/\/www.meeting-ba705-sorigny.fr\/\",\"logo\":{\"@type\":\"ImageObject\",\"inLanguage\":\"fr-FR\",\"@id\":\"https:\/\/www.meeting-ba705-sorigny.fr\/#\/schema\/logo\/image\/\",\"url\":\"https:\/\/www.meeting-ba705-sorigny.fr\/wp-content\/uploads\/2025\/07\/cropped-Logo_AAE_2025-fc_cmjn_f_texte-1.png\",\"contentUrl\":\"https:\/\/www.meeting-ba705-sorigny.fr\/wp-content\/uploads\/2025\/07\/cropped-Logo_AAE_2025-fc_cmjn_f_texte-1.png\",\"width\":735,\"height\":520,\"caption\":\"Arm\u00e9e de l'Air et de l'Espace\"},\"image\":{\"@id\":\"https:\/\/www.meeting-ba705-sorigny.fr\/#\/schema\/logo\/image\/\"},\"sameAs\":[\"https:\/\/www.facebook.com\/armeedelair\/\",\"https:\/\/x.com\/Armee_de_lair\",\"https:\/\/www.instagram.com\/armeedelair\/\",\"https:\/\/www.youtube.com\/channel\/UC9tdrNLs9QpsFZI050UARkQ\",\"https:\/\/fr.linkedin.com\/company\/armee-de-lair-et-de-lespace\"]}]}<\/script>\n<!-- \/ Yoast SEO plugin. -->","yoast_head_json":{"title":"Contactez-nous \u00e0 propos du meeting a\u00e9rien","description":"Contactez-nous \u00e0 propos du Meeting a\u00e9rien \u00e0 Sorigny pr\u00e8s de Tours, avec la base a\u00e9rienne 705 de Tours et Cinq-Mars-La-Pile.","robots":{"index":"index","follow":"follow","max-snippet":"max-snippet:-1","max-image-preview":"max-image-preview:large","max-video-preview":"max-video-preview:-1"},"canonical":"https:\/\/www.meeting-ba705-sorigny.fr\/index.php\/contactez-nous-meeting-aerien\/","og_locale":"fr_FR","og_type":"article","og_title":"Contactez-nous \u00e0 propos du meeting a\u00e9rien","og_description":"Contactez-nous \u00e0 propos du Meeting a\u00e9rien \u00e0 Sorigny pr\u00e8s de Tours, avec la base a\u00e9rienne 705 de Tours et Cinq-Mars-La-Pile.","og_url":"https:\/\/www.meeting-ba705-sorigny.fr\/index.php\/contactez-nous-meeting-aerien\/","og_site_name":"Meeting a\u00e9rien de Sorigny - BA 705","article_publisher":"https:\/\/www.facebook.com\/armeedelair\/","article_modified_time":"2025-08-27T13:25:01+00:00","og_image":[{"url":"http:\/\/www.meeting-ba705-sorigny.fr\/wp-content\/uploads\/2025\/07\/2025_ASAP_057_O_001_037.jpg","type":"","width":"","height":""}],"twitter_card":"summary_large_image","twitter_site":"@Armee_de_lair","twitter_misc":{"Dur\u00e9e de lecture estim\u00e9e":"1 minute"},"schema":{"@context":"https:\/\/schema.org","@graph":[{"@type":"WebPage","@id":"https:\/\/www.meeting-ba705-sorigny.fr\/index.php\/contactez-nous-meeting-aerien\/","url":"https:\/\/www.meeting-ba705-sorigny.fr\/index.php\/contactez-nous-meeting-aerien\/","name":"Contactez-nous \u00e0 propos du meeting a\u00e9rien","isPartOf":{"@id":"https:\/\/www.meeting-ba705-sorigny.fr\/#website"},"primaryImageOfPage":{"@id":"https:\/\/www.meeting-ba705-sorigny.fr\/index.php\/contactez-nous-meeting-aerien\/#primaryimage"},"image":{"@id":"https:\/\/www.meeting-ba705-sorigny.fr\/index.php\/contactez-nous-meeting-aerien\/#primaryimage"},"thumbnailUrl":"http:\/\/www.meeting-ba705-sorigny.fr\/wp-content\/uploads\/2025\/07\/2025_ASAP_057_O_001_037.jpg","datePublished":"2025-07-23T21:37:28+00:00","dateModified":"2025-08-27T13:25:01+00:00","description":"Contactez-nous \u00e0 propos du Meeting a\u00e9rien \u00e0 Sorigny pr\u00e8s de Tours, avec la base a\u00e9rienne 705 de Tours et Cinq-Mars-La-Pile.","breadcrumb":{"@id":"https:\/\/www.meeting-ba705-sorigny.fr\/index.php\/contactez-nous-meeting-aerien\/#breadcrumb"},"inLanguage":"fr-FR","potentialAction":[{"@type":"ReadAction","target":["https:\/\/www.meeting-ba705-sorigny.fr\/index.php\/contactez-nous-meeting-aerien\/"]}]},{"@type":"ImageObject","inLanguage":"fr-FR","@id":"https:\/\/www.meeting-ba705-sorigny.fr\/index.php\/contactez-nous-meeting-aerien\/#primaryimage","url":"https:\/\/www.meeting-ba705-sorigny.fr\/wp-content\/uploads\/2025\/07\/2025_ASAP_057_O_001_037.jpg","contentUrl":"https:\/\/www.meeting-ba705-sorigny.fr\/wp-content\/uploads\/2025\/07\/2025_ASAP_057_O_001_037.jpg","width":1920,"height":1280,"caption":"Un Rafale B de la 4e escadre de chasse, deux Mirage 2000-5F de l'escadron de chasse 1\/2 \"Cigognes\" et un A330 multi-role tanker transport (MRTT) \"Phenix\" de la 31e escadre aerienne de ravitaillement et de transport strategique (EARTS) volent en formation au-dessus du centre de la France, le 23 avril 2025. Le 23 avril 2025, l\u0092escadrllle SPA 167 \u00ab\u00a0Cigogne de Romanet\u00a0\u00bb de l\u0092escadron de chasse (EC) 2\/4 \u00ab\u00a0La Fayette\u00a0\u00bb a organise CIGONEX, un vol d\u0092entrainement au combat aerien regroupant les escadrilles de l\u0092armee de l\u0092air et de l\u0092espace (AAE) qui arborent une cigogne comme embleme. Pour ce vol quatre equipages de Rafale B de la SPA 167 se sont entraines aux cotes de deux pilotes de Mirage 2000-5F de l\u0092EC 1\/2 \u00ab\u00a0Cigognes\u00a0\u00bb qui est compose des escadrilles SPA 3 \u00ab\u00a0Cigognes du Guynemer\u00a0\u00bb, SPA 103 \u00ab\u00a0Cigognes de Fonck\u00a0\u00bb et SPA 73 \u00ab\u00a0Cigognes japonaises\u00a0\u00bb. Enfin un A330 multi-role tanker transport (MRTT) Phenix de la 31e escadre aerienne de ravitaillement et de transport strategique (EARTS) a assure les phases de ravitaillement en vol au profit des six chasseurs."},{"@type":"BreadcrumbList","@id":"https:\/\/www.meeting-ba705-sorigny.fr\/index.php\/contactez-nous-meeting-aerien\/#breadcrumb","itemListElement":[{"@type":"ListItem","position":1,"name":"Accueil","item":"https:\/\/www.meeting-ba705-sorigny.fr\/"},{"@type":"ListItem","position":2,"name":"Contact"}]},{"@type":"WebSite","@id":"https:\/\/www.meeting-ba705-sorigny.fr\/#website","url":"https:\/\/www.meeting-ba705-sorigny.fr\/","name":"Meeting a\u00e9rien de Sorigny","description":"","publisher":{"@id":"https:\/\/www.meeting-ba705-sorigny.fr\/#organization"},"alternateName":"Meeting Tours","potentialAction":[{"@type":"SearchAction","target":{"@type":"EntryPoint","urlTemplate":"https:\/\/www.meeting-ba705-sorigny.fr\/?s={search_term_string}"},"query-input":{"@type":"PropertyValueSpecification","valueRequired":true,"valueName":"search_term_string"}}],"inLanguage":"fr-FR"},{"@type":"Organization","@id":"https:\/\/www.meeting-ba705-sorigny.fr\/#organization","name":"Arm\u00e9e de l'Air et de l'Espace","alternateName":"AAE","url":"https:\/\/www.meeting-ba705-sorigny.fr\/","logo":{"@type":"ImageObject","inLanguage":"fr-FR","@id":"https:\/\/www.meeting-ba705-sorigny.fr\/#\/schema\/logo\/image\/","url":"https:\/\/www.meeting-ba705-sorigny.fr\/wp-content\/uploads\/2025\/07\/cropped-Logo_AAE_2025-fc_cmjn_f_texte-1.png","contentUrl":"https:\/\/www.meeting-ba705-sorigny.fr\/wp-content\/uploads\/2025\/07\/cropped-Logo_AAE_2025-fc_cmjn_f_texte-1.png","width":735,"height":520,"caption":"Arm\u00e9e de l'Air et de l'Espace"},"image":{"@id":"https:\/\/www.meeting-ba705-sorigny.fr\/#\/schema\/logo\/image\/"},"sameAs":["https:\/\/www.facebook.com\/armeedelair\/","https:\/\/x.com\/Armee_de_lair","https:\/\/www.instagram.com\/armeedelair\/","https:\/\/www.youtube.com\/channel\/UC9tdrNLs9QpsFZI050UARkQ","https:\/\/fr.linkedin.com\/company\/armee-de-lair-et-de-lespace"]}]}},"_links":{"self":[{"href":"https:\/\/www.meeting-ba705-sorigny.fr\/index.php\/wp-json\/wp\/v2\/pages\/572","targetHints":{"allow":["GET"]}}],"collection":[{"href":"https:\/\/www.meeting-ba705-sorigny.fr\/index.php\/wp-json\/wp\/v2\/pages"}],"about":[{"href":"https:\/\/www.meeting-ba705-sorigny.fr\/index.php\/wp-json\/wp\/v2\/types\/page"}],"author":[{"embeddable":true,"href":"https:\/\/www.meeting-ba705-sorigny.fr\/index.php\/wp-json\/wp\/v2\/users\/2"}],"replies":[{"embeddable":true,"href":"https:\/\/www.meeting-ba705-sorigny.fr\/index.php\/wp-json\/wp\/v2\/comments?post=572"}],"version-history":[{"count":34,"href":"https:\/\/www.meeting-ba705-sorigny.fr\/index.php\/wp-json\/wp\/v2\/pages\/572\/revisions"}],"predecessor-version":[{"id":2275,"href":"https:\/\/www.meeting-ba705-sorigny.fr\/index.php\/wp-json\/wp\/v2\/pages\/572\/revisions\/2275"}],"wp:attachment":[{"href":"https:\/\/www.meeting-ba705-sorigny.fr\/index.php\/wp-json\/wp\/v2\/media?parent=572"}],"curies":[{"name":"wp","href":"https:\/\/api.w.org\/{rel}","templated":true}]}}